{"id":9049,"date":"2024-07-29T12:47:51","date_gmt":"2024-07-29T12:47:51","guid":{"rendered":"https:\/\/teknolojimenajeri.com.tr\/?page_id=9049"},"modified":"2024-07-29T14:42:52","modified_gmt":"2024-07-29T14:42:52","slug":"ana-sayfa-yeni","status":"publish","type":"page","link":"https:\/\/teknolojimenajeri.com.tr\/tr\/","title":{"rendered":"Ana Sayfa"},"content":{"rendered":"<p>[vc_row full_width=&#8221;stretch_row&#8221; content_placement=&#8221;middle&#8221; css=&#8221;.vc_custom_1722258717856{background-image: url(https:\/\/age.nntgarage.com\/wp-content\/uploads\/2021\/03\/Anasayfa_AboutUs.png?id=7051) !important;background-position: center !important;background-repeat: no-repeat !important;background-size: cover !important;}&#8221; el_class=&#8221;abc&#8221;][vc_column][stm_spacing lg_spacing=&#8221;80&#8243; md_spacing=&#8221;80&#8243; sm_spacing=&#8221;70&#8243; xs_spacing=&#8221;50&#8243;][vc_row_inner][vc_column_inner width=&#8221;1\/2&#8243;][stm_spacing lg_spacing=&#8221;80&#8243; md_spacing=&#8221;80&#8243; sm_spacing=&#8221;70&#8243; xs_spacing=&#8221;50&#8243;][vc_custom_heading text=&#8221;<b>Teknoloji Menajeri:<\/b><br \/>\nGelece\u011fi \u015eimdi Ya\u015fa&#8221; use_theme_fonts=&#8221;yes&#8221; el_class=&#8221;no_stripe&#8221;][vc_column_text]Do\u011fru projeleri, do\u011fru \u00e7\u00f6z\u00fcm sa\u011flay\u0131c\u0131larla bulu\u015fturuyor, teknoloji ve yaz\u0131l\u0131m d\u00fcnyas\u0131nda yenilik\u00e7i \u00e7\u00f6z\u00fcmler sunuyoruz.[\/vc_column_text][vc_btn title=&#8221;Hemen Ba\u015flay\u0131n&#8221; style=&#8221;outline&#8221; shape=&#8221;square&#8221; color=&#8221;danger&#8221; align=&#8221;left&#8221; link=&#8221;url:%23iletisim&#8221;][\/vc_column_inner][vc_column_inner width=&#8221;1\/2&#8243;][vc_single_image image=&#8221;8171&#8243; img_size=&#8221;full&#8221;][\/vc_column_inner][\/vc_row_inner][stm_spacing lg_spacing=&#8221;30&#8243; md_spacing=&#8221;30&#8243; sm_spacing=&#8221;20&#8243; xs_spacing=&#8221;20&#8243;][\/vc_column][\/vc_row][vc_row full_width=&#8221;stretch_row&#8221; css=&#8221;.vc_custom_1615293962185{background-image: url(https:\/\/age.nntgarage.com\/wp-content\/uploads\/2021\/03\/Anasayfa_AboutUs.png?id=7051) !important;background-position: center !important;background-repeat: no-repeat !important;background-size: cover !important;}&#8221; el_class=&#8221;abc&#8221;][vc_column][stm_spacing lg_spacing=&#8221;80&#8243; md_spacing=&#8221;80&#8243; sm_spacing=&#8221;70&#8243; xs_spacing=&#8221;50&#8243;][vc_row_inner][vc_column_inner][vc_custom_heading text=&#8221;Hakk\u0131m\u0131zda&#8221; use_theme_fonts=&#8221;yes&#8221; el_class=&#8221;letter-spacing-11 no_stripe&#8221;][vc_column_text]<strong>Biz Kimiz?<\/strong><\/p>\n<p>Teknoloji Menajeri, teknoloji ve yaz\u0131l\u0131m d\u00fcnyas\u0131nda deneyime sahip, projelerinizi en uygun yaz\u0131l\u0131m \u015firketleriyle bulu\u015fturarak s\u00fcre\u00e7 y\u00f6netimini \u00fcstlenen bir \u015firkettir. Misyonumuz, m\u00fc\u015fterilerimize en iyi hizmeti sa\u011flamak i\u00e7in sekt\u00f6r\u00fcn en iyileriyle i\u015f birli\u011fi yapmakt\u0131r.<\/p>\n<p><strong>Neden Biz?<\/strong><\/p>\n<ul>\n<li><strong>En \u0130yilerle \u00c7al\u0131\u015fma:<\/strong> Alan\u0131nda uzman ve deneyimli i\u015fbirlik\u00e7ilerimizle en kaliteli hizmeti sunuyoruz.<\/li>\n<li><strong>Yenilik\u00e7i \u00c7\u00f6z\u00fcmler:<\/strong> Dijital d\u00f6n\u00fc\u015f\u00fcmden yapay zekaya, metaverseten siber g\u00fcvenli\u011fe kadar geni\u015f bir hizmet yelpazesi sunuyoruz.<\/li>\n<li><strong>Kapsaml\u0131 Deneyim:<\/strong> Fox Amerika, Unilever, Haribo gibi markalarla ger\u00e7ekle\u015ftirdi\u011fimiz ba\u015far\u0131l\u0131 projelerle sekt\u00f6rde kendimize sa\u011flam bir yer edindik.<\/li>\n<\/ul>\n<p>[\/vc_column_text][\/vc_column_inner][\/vc_row_inner][stm_spacing lg_spacing=&#8221;30&#8243; md_spacing=&#8221;30&#8243; sm_spacing=&#8221;20&#8243; xs_spacing=&#8221;20&#8243;][\/vc_column][\/vc_row][vc_row full_width=&#8221;stretch_row&#8221; css=&#8221;.vc_custom_1615293962185{background-image: url(https:\/\/age.nntgarage.com\/wp-content\/uploads\/2021\/03\/Anasayfa_AboutUs.png?id=7051) !important;background-position: center !important;background-repeat: no-repeat !important;background-size: cover !important;}&#8221; el_class=&#8221;abc&#8221;][vc_column][stm_spacing lg_spacing=&#8221;80&#8243; md_spacing=&#8221;80&#8243; sm_spacing=&#8221;70&#8243; xs_spacing=&#8221;50&#8243;][vc_row_inner][vc_column_inner][vc_custom_heading text=&#8221;Hizmetlerimiz&#8221; use_theme_fonts=&#8221;yes&#8221; el_class=&#8221;letter-spacing-11 no_stripe&#8221;][vc_column_text]Teknoloji Menajeri olarak, farkl\u0131 sekt\u00f6rlerdeki ihtiya\u00e7lar\u0131n\u0131za y\u00f6nelik geni\u015f bir hizmet yelpazesi sunuyoruz:<\/p>\n<ul>\n<li><strong>Yapay Zeka:<\/strong> T\u00fcm alanlarda yapay zeka \u00e7\u00f6z\u00fcmleri.<\/li>\n<li><strong>Metaverse:<\/strong> Metaverse projelerinde kapsaml\u0131 \u00e7\u00f6z\u00fcmler.<\/li>\n<li><strong>Oyunla\u015ft\u0131rma:<\/strong> \u0130nsan kaynaklar\u0131 ve \u00e7al\u0131\u015fan ba\u011fl\u0131l\u0131\u011f\u0131 projelerinde oyunla\u015ft\u0131rma teknikleri.<\/li>\n<li><strong>XR (VR-AR-MR):<\/strong> Sanal ger\u00e7eklik, art\u0131r\u0131lm\u0131\u015f ger\u00e7eklik ve karma ger\u00e7eklik \u00e7\u00f6z\u00fcmleri.<\/li>\n<li><strong>AI &#8211; IOT &#8211; CGI &#8211; Configurator:<\/strong> \u00dcr\u00fcn sunumu, \u00fcr\u00fcn e\u011fitimi, g\u00fcvenli envanter takibi alanlar\u0131nda yenilik\u00e7i \u00e7\u00f6z\u00fcmler.<\/li>\n<li><strong>Web3 &#8211; Blockchain &#8211; NFT:<\/strong> Yeni nesil teknolojilerle projelerinizi gelece\u011fe ta\u015f\u0131yoruz.<\/li>\n<li><strong>Oyun Tasar\u0131mlar\u0131:<\/strong> Yarat\u0131c\u0131 ve etkileyici oyun tasar\u0131mlar\u0131.<\/li>\n<li><strong>\u00d6zel Uygulama ve Web Tasar\u0131mlar\u0131:<\/strong> \u0130htiya\u00e7lar\u0131n\u0131za \u00f6zel uygulama ve web tasar\u0131mlar\u0131.<\/li>\n<li><strong>Siber G\u00fcvenlik:<\/strong> G\u00fcncel sertifikalar ve lisansl\u0131 i\u015fbirlik\u00e7i firmalarla siber g\u00fcvenlik \u00e7\u00f6z\u00fcmleri.<\/li>\n<li><strong>Network \u00c7\u00f6z\u00fcmleri:<\/strong> G\u00fcvenilir ve h\u0131zl\u0131 network \u00e7\u00f6z\u00fcmleri.<\/li>\n<li><strong>Robotik Kodlama:<\/strong> Robotik kodlama hizmetleri.<\/li>\n<li><strong>Donan\u0131m:<\/strong> Y\u00fcksek kaliteli donan\u0131m \u00e7\u00f6z\u00fcmleri.<\/li>\n<\/ul>\n<p>[\/vc_column_text][\/vc_column_inner][\/vc_row_inner][stm_spacing lg_spacing=&#8221;30&#8243; md_spacing=&#8221;30&#8243; sm_spacing=&#8221;20&#8243; xs_spacing=&#8221;20&#8243;][\/vc_column][\/vc_row][vc_row full_width=&#8221;stretch_row&#8221; css=&#8221;.vc_custom_1615293962185{background-image: url(https:\/\/age.nntgarage.com\/wp-content\/uploads\/2021\/03\/Anasayfa_AboutUs.png?id=7051) !important;background-position: center !important;background-repeat: no-repeat !important;background-size: cover !important;}&#8221; el_class=&#8221;abc&#8221;][vc_column][stm_spacing lg_spacing=&#8221;80&#8243; md_spacing=&#8221;80&#8243; sm_spacing=&#8221;70&#8243; xs_spacing=&#8221;50&#8243;][vc_row_inner][vc_column_inner][vc_custom_heading text=&#8221;Headhunter Hizmetleri&#8221; use_theme_fonts=&#8221;yes&#8221; el_class=&#8221;letter-spacing-11 no_stripe&#8221;][vc_column_text]<strong>Headhunter Hizmetlerimiz<\/strong><\/p>\n<p>En yetenekli profesyonelleri bulmak ve projelerinize katmak i\u00e7in buraday\u0131z. Headhunter hizmetlerimizle, teknoloji ve yaz\u0131l\u0131m d\u00fcnyas\u0131ndaki en iyi yetenekleri ekibinize kazand\u0131r\u0131yoruz.<\/p>\n<ul>\n<li><strong>Uzman Kadro:<\/strong> Alan\u0131nda uzman ve deneyimli profesyoneller.<\/li>\n<li><strong>Geni\u015f A\u011f\u0131:<\/strong> 180&#8217;e yak\u0131n i\u015fbirlik\u00e7i firma ve 20,000 yaz\u0131l\u0131mc\u0131ya eri\u015fim.<\/li>\n<\/ul>\n<p><strong>\u00d6zelle\u015ftirilmi\u015f \u00c7\u00f6z\u00fcmler:<\/strong> \u0130htiyac\u0131n\u0131za uygun profesyonelleri bulma.[\/vc_column_text][\/vc_column_inner][\/vc_row_inner][stm_spacing lg_spacing=&#8221;30&#8243; md_spacing=&#8221;30&#8243; sm_spacing=&#8221;20&#8243; xs_spacing=&#8221;20&#8243;][\/vc_column][\/vc_row][vc_row full_width=&#8221;stretch_row&#8221; css=&#8221;.vc_custom_1615293962185{background-image: url(https:\/\/age.nntgarage.com\/wp-content\/uploads\/2021\/03\/Anasayfa_AboutUs.png?id=7051) !important;background-position: center !important;background-repeat: no-repeat !important;background-size: cover !important;}&#8221; el_class=&#8221;abc&#8221;][vc_column][stm_spacing lg_spacing=&#8221;80&#8243; md_spacing=&#8221;80&#8243; sm_spacing=&#8221;70&#8243; xs_spacing=&#8221;50&#8243;][vc_row_inner][vc_column_inner][vc_custom_heading text=&#8221;TechPR Hizmetleri&#8221; use_theme_fonts=&#8221;yes&#8221; el_class=&#8221;letter-spacing-11 no_stripe&#8221;][vc_column_text]<strong>TechPR: Teknoloji Firmalar\u0131 i\u00e7in Profesyonel PR \u0130leti\u015fim Hizmetleri<\/strong><\/p>\n<p>Teknoloji Menajeri olarak, teknoloji firmalar\u0131n\u0131n hedef kitlelerine etkili bir \u015fekilde ula\u015fmalar\u0131n\u0131 sa\u011flamak i\u00e7in kapsaml\u0131 ve profesyonel PR ileti\u015fim hizmetleri sunuyoruz.<\/p>\n<ul>\n<li><strong>Medya \u0130li\u015fkileri:<\/strong> Markan\u0131z\u0131 do\u011fru medya kanallar\u0131 ile bulu\u015fturarak, sekt\u00f6r\u00fcn\u00fczde g\u00fc\u00e7l\u00fc bir varl\u0131k olu\u015fturuyoruz. Bas\u0131n b\u00fcltenleri, r\u00f6portajlar ve medya etkinlikleri ile marka bilinirli\u011finizi art\u0131r\u0131yoruz.<\/li>\n<li><strong>\u0130\u00e7erik Olu\u015fturma:<\/strong> Hedef kitlenizi etkileyen ve bilgilendiren \u00f6zg\u00fcn ve kaliteli i\u00e7erikler haz\u0131rl\u0131yoruz. Blog yaz\u0131lar\u0131, makaleler, sosyal medya i\u00e7erikleri ve videolar ile markan\u0131z\u0131 en iyi \u015fekilde temsil ediyoruz.<\/li>\n<li><strong>Stratejik \u0130leti\u015fim:<\/strong> Marka stratejinize uygun, uzun vadeli ve etkili ileti\u015fim planlar\u0131 olu\u015fturuyoruz. Hedef kitlenizle olan etkile\u015fimi art\u0131rmak i\u00e7in analitik ve yarat\u0131c\u0131 \u00e7\u00f6z\u00fcmler sunuyoruz.<\/li>\n<li><strong>Etkinlik Y\u00f6netimi:<\/strong> Marka lansmanlar\u0131, \u00fcr\u00fcn tan\u0131t\u0131mlar\u0131, konferanslar ve seminerler gibi etkinliklerinizi ba\u015ftan sona planl\u0131yor ve y\u00f6netiyoruz. Hedef kitlenizle do\u011frudan etkile\u015fime ge\u00e7menizi sa\u011fl\u0131yoruz.<\/li>\n<li><strong>Dijital PR:<\/strong> Dijital platformlarda g\u00fc\u00e7l\u00fc bir varl\u0131k olu\u015fturman\u0131za yard\u0131mc\u0131 oluyoruz. SEO uyumlu i\u00e7erikler, sosyal medya y\u00f6netimi ve online kampanyalar ile dijital d\u00fcnyada fark edilmenizi sa\u011fl\u0131yoruz.<\/li>\n<\/ul>\n<p>TechPR hizmetlerimizle, teknoloji firman\u0131z\u0131n hedef kitlesine ula\u015fmas\u0131n\u0131 ve sekt\u00f6rde g\u00fc\u00e7l\u00fc bir marka olarak konumlanmas\u0131n\u0131 sa\u011fl\u0131yoruz.[\/vc_column_text][\/vc_column_inner][\/vc_row_inner][stm_spacing lg_spacing=&#8221;30&#8243; md_spacing=&#8221;30&#8243; sm_spacing=&#8221;20&#8243; xs_spacing=&#8221;20&#8243;][\/vc_column][\/vc_row][vc_row full_width=&#8221;stretch_row&#8221; css=&#8221;.vc_custom_1615293962185{background-image: url(https:\/\/age.nntgarage.com\/wp-content\/uploads\/2021\/03\/Anasayfa_AboutUs.png?id=7051) !important;background-position: center !important;background-repeat: no-repeat !important;background-size: cover !important;}&#8221; el_class=&#8221;abc&#8221;][vc_column][stm_spacing lg_spacing=&#8221;80&#8243; md_spacing=&#8221;80&#8243; sm_spacing=&#8221;70&#8243; xs_spacing=&#8221;50&#8243;][vc_row_inner][vc_column_inner][vc_custom_heading text=&#8221;Entellekt\u00fcel Teknoloji E\u011fitimleri&#8221; use_theme_fonts=&#8221;yes&#8221; el_class=&#8221;letter-spacing-11 no_stripe&#8221;][vc_column_text]<\/p>\n<ul>\n<li>Dijital Okur-Yazarl\u0131k<\/li>\n<li>Yapay Zekan Nedir ve Adaptasyonu<\/li>\n<li>Karanl\u0131k Fabrikalar ( Fabrikalarda Dijital D\u00f6n\u00fc\u015f\u00fcm)<\/li>\n<li>Sat\u0131\u015f Noktas\u0131 Teknolojileri E\u011fitimi<\/li>\n<li>Blockchain Nedir E\u011fitimi<\/li>\n<li>CGI Nedir ve Kullan\u0131m Alanlar\u0131 E\u011fitimi<\/li>\n<li>MarTech Etkinlik Teknolojileri E\u011fitimi<\/li>\n<li>Dijital Oyun ve \u00c7ocuk<\/li>\n<li>Yeni Nesli Anlamak<\/li>\n<li>Bilin\u00e7li Dijital Ebeveylik<\/li>\n<\/ul>\n<p>Her e\u011fitim 2,5- 3 saat s\u00fcrmektedir.<br \/>\nVaka \u00f6rnekleri ve ki\u015fisel deneyimler aktar\u0131lmaktad\u0131r.<br \/>\nE\u011fitimlerin sonucunda ki\u015fi ki\u015fisel geli\u015fimi ve sekt\u00f6rel geli\u015fiminde fayda sa\u011flayacakt\u0131r.<br \/>\nE\u011fitimler faydal\u0131 insan modeli \u00fczerine kurulmu\u015ftur.<br \/>\nE\u011fitim sonunda kat\u0131l\u0131m sertifikas\u0131 verilecektir.[\/vc_column_text][\/vc_column_inner][\/vc_row_inner][stm_spacing lg_spacing=&#8221;30&#8243; md_spacing=&#8221;30&#8243; sm_spacing=&#8221;20&#8243; xs_spacing=&#8221;20&#8243;][\/vc_column][\/vc_row][vc_row full_width=&#8221;stretch_row&#8221; css=&#8221;.vc_custom_1615293962185{background-image: url(https:\/\/age.nntgarage.com\/wp-content\/uploads\/2021\/03\/Anasayfa_AboutUs.png?id=7051) !important;background-position: center !important;background-repeat: no-repeat !important;background-size: cover !important;}&#8221; el_class=&#8221;abc&#8221;][vc_column][stm_spacing lg_spacing=&#8221;80&#8243; md_spacing=&#8221;80&#8243; sm_spacing=&#8221;70&#8243; xs_spacing=&#8221;50&#8243;][vc_row_inner][vc_column_inner][vc_custom_heading text=&#8221;Referanslar\u0131m\u0131z&#8221; use_theme_fonts=&#8221;yes&#8221; el_class=&#8221;letter-spacing-11 no_stripe&#8221;][vc_column_text]<strong>Ba\u015far\u0131 Hikayelerimiz<\/strong><\/p>\n<p>Ger\u00e7ekle\u015ftirdi\u011fimiz projelerle gurur duyuyoruz. \u0130\u015fte baz\u0131 ba\u015far\u0131 hikayelerimiz:<\/p>\n<ul>\n<li><strong>Fox Amerika:<\/strong> America&#8217;s Most Wanted sanal st\u00fcdyo projesi.<\/li>\n<li><strong>Unilever Algida:<\/strong> Carte D\u2019or 3 Boyutlu Akmerkez ve Ni\u015fanta\u015f\u0131 City&#8217;s led ekran reklamlar\u0131<\/li>\n<li><strong>Summa \u0130n\u015faat:<\/strong> Senegal Stadyumu sanal kiosk projesi.<\/li>\n<li><strong>Haribo:<\/strong> Fun Pack QR kod giri\u015fi web oyunu.<\/li>\n<\/ul>\n<p>Daha fazla referans\u0131m\u0131z i\u00e7in bize ula\u015f\u0131n.[\/vc_column_text][\/vc_column_inner][\/vc_row_inner][stm_spacing lg_spacing=&#8221;30&#8243; md_spacing=&#8221;30&#8243; sm_spacing=&#8221;20&#8243; xs_spacing=&#8221;20&#8243;][\/vc_column][\/vc_row][vc_row full_width=&#8221;stretch_row&#8221; css=&#8221;.vc_custom_1722261286582{background-image: url(https:\/\/age.nntgarage.com\/wp-content\/uploads\/2021\/03\/Anasayfa_AboutUs.png?id=7051) !important;background-position: center !important;background-repeat: no-repeat !important;background-size: cover !important;}&#8221; el_class=&#8221;abc&#8221; el_id=&#8221;iletisim&#8221;][vc_column][stm_spacing lg_spacing=&#8221;80&#8243; md_spacing=&#8221;80&#8243; sm_spacing=&#8221;70&#8243; xs_spacing=&#8221;50&#8243;][vc_row_inner][vc_column_inner][vc_custom_heading text=&#8221;\u0130leti\u015fim&#8221; use_theme_fonts=&#8221;yes&#8221; el_class=&#8221;letter-spacing-11 no_stripe&#8221;][vc_column_text]<strong>Bizimle \u0130leti\u015fime Ge\u00e7in<\/strong><\/p>\n<p>Sorular\u0131n\u0131z m\u0131 var? Size nas\u0131l yard\u0131mc\u0131 olabilece\u011fimizi konu\u015fal\u0131m.<\/p>\n<p><strong>Email:<\/strong> gulsah@teknolojimenajeri.com[\/vc_column_text][\/vc_column_inner][\/vc_row_inner][stm_spacing lg_spacing=&#8221;30&#8243; md_spacing=&#8221;30&#8243; sm_spacing=&#8221;20&#8243; xs_spacing=&#8221;20&#8243;][vc_row_inner][vc_column_inner]\n<div class=\"wpcf7 no-js\" id=\"wpcf7-f9059-o1\" lang=\"en-US\" dir=\"ltr\">\n<div class=\"screen-reader-response\"><p role=\"status\" aria-live=\"polite\" aria-atomic=\"true\"><\/p> <ul><\/ul><\/div>\n<form action=\"\/tr\/wp-json\/wp\/v2\/pages\/9049\/#wpcf7-f9059-o1\" method=\"post\" class=\"wpcf7-form init\" aria-label=\"Contact form\" novalidate=\"novalidate\" data-status=\"init\">\n<div style=\"display: none;\">\n<input type=\"hidden\" name=\"_wpcf7\" value=\"9059\" \/>\n<input type=\"hidden\" name=\"_wpcf7_version\" value=\"5.7.7\" \/>\n<input type=\"hidden\" name=\"_wpcf7_locale\" value=\"en_US\" \/>\n<input type=\"hidden\" name=\"_wpcf7_unit_tag\" value=\"wpcf7-f9059-o1\" \/>\n<input type=\"hidden\" name=\"_wpcf7_container_post\" value=\"0\" \/>\n<input type=\"hidden\" name=\"_wpcf7_posted_data_hash\" value=\"\" \/>\n<input type=\"hidden\" name=\"_wpcf7_recaptcha_response\" value=\"\" \/>\n<\/div>\n<div class=\"request_callback\">\n\t<div class=\"row\" style=\"margin: 0 -13px;\">\n\t\t<div class=\"col-lg-3 col-md-3 col-sm-3 col-xs-12\">\n\t\t\t<div class=\"input-group\">\n\t\t\t\t<p><span class=\"wpcf7-form-control-wrap\" data-name=\"text-516\"><input size=\"40\" class=\"wpcf7-form-control wpcf7-text\" aria-invalid=\"false\" placeholder=\"Ad\u0131n\u0131z\" value=\"\" type=\"text\" name=\"text-516\" \/><\/span>\n\t\t\t\t<\/p>\n\t\t\t<\/div>\n\t\t<\/div>\n\t\t<div class=\"col-lg-3 col-md-3 col-sm-3 col-xs-12\">\n\t\t\t<div class=\"input-group\">\n\t\t\t\t<p><span class=\"wpcf7-form-control-wrap\" data-name=\"email\"><input size=\"40\" class=\"wpcf7-form-control wpcf7-text wpcf7-email wpcf7-validates-as-required wpcf7-validates-as-email\" aria-required=\"true\" aria-invalid=\"false\" placeholder=\"Email adresiniz *\" value=\"\" type=\"email\" name=\"email\" \/><\/span>\n\t\t\t\t<\/p>\n\t\t\t<\/div>\n\t\t<\/div>\n\t\t<div class=\"col-lg-3 col-md-3 col-sm-3 col-xs-12\">\n\t\t\t<div class=\"input-group\">\n\t\t\t\t<p><span class=\"wpcf7-form-control-wrap\" data-name=\"text-511\"><input size=\"40\" class=\"wpcf7-form-control wpcf7-text\" aria-invalid=\"false\" placeholder=\"Mesaj\u0131n\u0131z\" value=\"\" type=\"text\" name=\"text-511\" \/><\/span>\n\t\t\t\t<\/p>\n\t\t\t<\/div>\n\t\t<\/div>\n\t\t<div class=\"col-lg-3 col-md-3 col-sm-3 col-xs-12\">\n\t\t\t<div class=\"input-group\">\n\t\t\t\t<p><input class=\"wpcf7-form-control has-spinner wpcf7-submit\" type=\"submit\" value=\"G\u00d6NDER\" \/>\n\t\t\t\t<\/p>\n\t\t\t<\/div>\n\t\t<\/div>\n\t<\/div>\n<\/div><input type='hidden' class='wpcf7-pum' value='{\"closepopup\":false,\"closedelay\":0,\"openpopup\":false,\"openpopup_id\":0}' \/><div class=\"wpcf7-response-output\" aria-hidden=\"true\"><\/div>\n<\/form>\n<\/div>\n[\/vc_column_inner][\/vc_row_inner][stm_spacing lg_spacing=&#8221;30&#8243; md_spacing=&#8221;30&#8243; sm_spacing=&#8221;20&#8243; xs_spacing=&#8221;20&#8243;][\/vc_column][\/vc_row]<\/p>\n","protected":false},"excerpt":{"rendered":"<p>[vc_row full_width=&#8221;stretch_row&#8221; content_placement=&#8221;middle&#8221; css=&#8221;.vc_custom_1722258717856{background-image: url(https:\/\/age.nntgarage.com\/wp-content\/uploads\/2021\/03\/Anasayfa_AboutUs.png?id=7051) !important;background-position: center !important;background-repeat: no-repeat !important;background-size: cover !important;}&#8221; el_class=&#8221;abc&#8221;][vc_column][stm_spacing lg_spacing=&#8221;80&#8243; md_spacing=&#8221;80&#8243; sm_spacing=&#8221;70&#8243; xs_spacing=&#8221;50&#8243;][vc_row_inner][vc_column_inner width=&#8221;1\/2&#8243;][stm_spacing lg_spacing=&#8221;80&#8243; md_spacing=&#8221;80&#8243; sm_spacing=&#8221;70&#8243; xs_spacing=&#8221;50&#8243;][vc_custom_heading text=&#8221;Teknoloji Menajeri: Gelece\u011fi \u015eimdi Ya\u015fa&#8221; use_theme_fonts=&#8221;yes&#8221; el_class=&#8221;no_stripe&#8221;][vc_column_text]Do\u011fru projeleri, do\u011fru \u00e7\u00f6z\u00fcm sa\u011flay\u0131c\u0131larla bulu\u015fturuyor, teknoloji ve yaz\u0131l\u0131m d\u00fcnyas\u0131nda yenilik\u00e7i \u00e7\u00f6z\u00fcmler sunuyoruz.[\/vc_column_text][vc_btn title=&#8221;Hemen Ba\u015flay\u0131n&#8221; style=&#8221;outline&#8221; shape=&#8221;square&#8221; color=&#8221;danger&#8221; align=&#8221;left&#8221; link=&#8221;url:%23iletisim&#8221;][\/vc_column_inner][vc_column_inner width=&#8221;1\/2&#8243;][vc_single_image image=&#8221;8171&#8243; img_size=&#8221;full&#8221;][\/vc_column_inner][\/vc_row_inner][stm_spacing lg_spacing=&#8221;30&#8243; md_spacing=&#8221;30&#8243; sm_spacing=&#8221;20&#8243; xs_spacing=&#8221;20&#8243;][\/vc_column][\/vc_row][vc_row<\/p>\n","protected":false},"author":1,"featured_media":0,"parent":0,"menu_order":0,"comment_status":"closed","ping_status":"closed","template":"","meta":{"footnotes":""},"class_list":["post-9049","page","type-page","status-publish","hentry"],"yoast_head":"<!-- This site is optimized with the Yoast SEO plugin v20.9 - https:\/\/yoast.com\/wordpress\/plugins\/seo\/ -->\n<title>Ana Sayfa | Teknoloji Menajeri<\/title>\n<meta name=\"description\" content=\"Do\u011fru projeleri, do\u011fru \u00e7\u00f6z\u00fcm sa\u011flay\u0131c\u0131larla bulu\u015fturuyor, teknoloji ve yaz\u0131l\u0131m d\u00fcnyas\u0131nda yenilik\u00e7i \u00e7\u00f6z\u00fcmler sunuyoruz.Biz Kimiz? Teknoloji Menajeri,\" \/>\n<meta name=\"robots\" content=\"index, follow, max-snippet:-1, max-image-preview:large, max-video-preview:-1\" \/>\n<link rel=\"canonical\" href=\"https:\/\/teknolojimenajeri.com.tr\/tr\/\" \/>\n<meta property=\"og:locale\" content=\"tr_TR\" \/>\n<meta property=\"og:type\" content=\"article\" \/>\n<meta property=\"og:title\" content=\"Ana Sayfa | Teknoloji Menajeri\" \/>\n<meta property=\"og:description\" content=\"Do\u011fru projeleri, do\u011fru \u00e7\u00f6z\u00fcm sa\u011flay\u0131c\u0131larla bulu\u015fturuyor, teknoloji ve yaz\u0131l\u0131m d\u00fcnyas\u0131nda yenilik\u00e7i \u00e7\u00f6z\u00fcmler sunuyoruz.Biz Kimiz? Teknoloji Menajeri,\" \/>\n<meta property=\"og:url\" content=\"https:\/\/teknolojimenajeri.com.tr\/tr\/\" \/>\n<meta property=\"og:site_name\" content=\"Teknoloji Menajeri\" \/>\n<meta property=\"article:modified_time\" content=\"2024-07-29T14:42:52+00:00\" \/>\n<meta name=\"twitter:card\" content=\"summary_large_image\" \/>\n<meta name=\"twitter:label1\" content=\"Tahmini okuma s\u00fcresi\" \/>\n\t<meta name=\"twitter:data1\" content=\"4 dakika\" \/>\n<script type=\"application\/ld+json\" class=\"yoast-schema-graph\">{\"@context\":\"https:\/\/schema.org\",\"@graph\":[{\"@type\":\"WebPage\",\"@id\":\"https:\/\/teknolojimenajeri.com.tr\/tr\/\",\"url\":\"https:\/\/teknolojimenajeri.com.tr\/tr\/\",\"name\":\"Ana Sayfa | Teknoloji Menajeri\",\"isPartOf\":{\"@id\":\"https:\/\/teknolojimenajeri.com.tr\/#website\"},\"datePublished\":\"2024-07-29T12:47:51+00:00\",\"dateModified\":\"2024-07-29T14:42:52+00:00\",\"description\":\"Do\u011fru projeleri, do\u011fru \u00e7\u00f6z\u00fcm sa\u011flay\u0131c\u0131larla bulu\u015fturuyor, teknoloji ve yaz\u0131l\u0131m d\u00fcnyas\u0131nda yenilik\u00e7i \u00e7\u00f6z\u00fcmler sunuyoruz.Biz Kimiz? Teknoloji Menajeri,\",\"breadcrumb\":{\"@id\":\"https:\/\/teknolojimenajeri.com.tr\/tr\/#breadcrumb\"},\"inLanguage\":\"tr\",\"potentialAction\":[{\"@type\":\"ReadAction\",\"target\":[\"https:\/\/teknolojimenajeri.com.tr\/tr\/\"]}]},{\"@type\":\"BreadcrumbList\",\"@id\":\"https:\/\/teknolojimenajeri.com.tr\/tr\/#breadcrumb\",\"itemListElement\":[{\"@type\":\"ListItem\",\"position\":1,\"name\":\"Home\",\"item\":\"https:\/\/teknolojimenajeri.com.tr\/tr\/\"},{\"@type\":\"ListItem\",\"position\":2,\"name\":\"Ana Sayfa\"}]},{\"@type\":\"WebSite\",\"@id\":\"https:\/\/teknolojimenajeri.com.tr\/#website\",\"url\":\"https:\/\/teknolojimenajeri.com.tr\/\",\"name\":\"Teknoloji Menajeri\",\"description\":\"\",\"potentialAction\":[{\"@type\":\"SearchAction\",\"target\":{\"@type\":\"EntryPoint\",\"urlTemplate\":\"https:\/\/teknolojimenajeri.com.tr\/?s={search_term_string}\"},\"query-input\":\"required name=search_term_string\"}],\"inLanguage\":\"tr\"}]}<\/script>\n<!-- \/ Yoast SEO plugin. -->","yoast_head_json":{"title":"Ana Sayfa | Teknoloji Menajeri","description":"Do\u011fru projeleri, do\u011fru \u00e7\u00f6z\u00fcm sa\u011flay\u0131c\u0131larla bulu\u015fturuyor, teknoloji ve yaz\u0131l\u0131m d\u00fcnyas\u0131nda yenilik\u00e7i \u00e7\u00f6z\u00fcmler sunuyoruz.Biz Kimiz? Teknoloji Menajeri,","robots":{"index":"index","follow":"follow","max-snippet":"max-snippet:-1","max-image-preview":"max-image-preview:large","max-video-preview":"max-video-preview:-1"},"canonical":"https:\/\/teknolojimenajeri.com.tr\/tr\/","og_locale":"tr_TR","og_type":"article","og_title":"Ana Sayfa | Teknoloji Menajeri","og_description":"Do\u011fru projeleri, do\u011fru \u00e7\u00f6z\u00fcm sa\u011flay\u0131c\u0131larla bulu\u015fturuyor, teknoloji ve yaz\u0131l\u0131m d\u00fcnyas\u0131nda yenilik\u00e7i \u00e7\u00f6z\u00fcmler sunuyoruz.Biz Kimiz? Teknoloji Menajeri,","og_url":"https:\/\/teknolojimenajeri.com.tr\/tr\/","og_site_name":"Teknoloji Menajeri","article_modified_time":"2024-07-29T14:42:52+00:00","twitter_card":"summary_large_image","twitter_misc":{"Tahmini okuma s\u00fcresi":"4 dakika"},"schema":{"@context":"https:\/\/schema.org","@graph":[{"@type":"WebPage","@id":"https:\/\/teknolojimenajeri.com.tr\/tr\/","url":"https:\/\/teknolojimenajeri.com.tr\/tr\/","name":"Ana Sayfa | Teknoloji Menajeri","isPartOf":{"@id":"https:\/\/teknolojimenajeri.com.tr\/#website"},"datePublished":"2024-07-29T12:47:51+00:00","dateModified":"2024-07-29T14:42:52+00:00","description":"Do\u011fru projeleri, do\u011fru \u00e7\u00f6z\u00fcm sa\u011flay\u0131c\u0131larla bulu\u015fturuyor, teknoloji ve yaz\u0131l\u0131m d\u00fcnyas\u0131nda yenilik\u00e7i \u00e7\u00f6z\u00fcmler sunuyoruz.Biz Kimiz? Teknoloji Menajeri,","breadcrumb":{"@id":"https:\/\/teknolojimenajeri.com.tr\/tr\/#breadcrumb"},"inLanguage":"tr","potentialAction":[{"@type":"ReadAction","target":["https:\/\/teknolojimenajeri.com.tr\/tr\/"]}]},{"@type":"BreadcrumbList","@id":"https:\/\/teknolojimenajeri.com.tr\/tr\/#breadcrumb","itemListElement":[{"@type":"ListItem","position":1,"name":"Home","item":"https:\/\/teknolojimenajeri.com.tr\/tr\/"},{"@type":"ListItem","position":2,"name":"Ana Sayfa"}]},{"@type":"WebSite","@id":"https:\/\/teknolojimenajeri.com.tr\/#website","url":"https:\/\/teknolojimenajeri.com.tr\/","name":"Teknoloji Menajeri","description":"","potentialAction":[{"@type":"SearchAction","target":{"@type":"EntryPoint","urlTemplate":"https:\/\/teknolojimenajeri.com.tr\/?s={search_term_string}"},"query-input":"required name=search_term_string"}],"inLanguage":"tr"}]}},"_links":{"self":[{"href":"https:\/\/teknolojimenajeri.com.tr\/tr\/wp-json\/wp\/v2\/pages\/9049\/"}],"collection":[{"href":"https:\/\/teknolojimenajeri.com.tr\/tr\/wp-json\/wp\/v2\/pages\/"}],"about":[{"href":"https:\/\/teknolojimenajeri.com.tr\/tr\/wp-json\/wp\/v2\/types\/page\/"}],"author":[{"embeddable":true,"href":"https:\/\/teknolojimenajeri.com.tr\/tr\/wp-json\/wp\/v2\/users\/1\/"}],"replies":[{"embeddable":true,"href":"https:\/\/teknolojimenajeri.com.tr\/tr\/wp-json\/wp\/v2\/comments\/?post=9049"}],"version-history":[{"count":18,"href":"https:\/\/teknolojimenajeri.com.tr\/tr\/wp-json\/wp\/v2\/pages\/9049\/revisions\/"}],"predecessor-version":[{"id":9068,"href":"https:\/\/teknolojimenajeri.com.tr\/tr\/wp-json\/wp\/v2\/pages\/9049\/revisions\/9068\/"}],"wp:attachment":[{"href":"https:\/\/teknolojimenajeri.com.tr\/tr\/wp-json\/wp\/v2\/media\/?parent=9049"}],"curies":[{"name":"wp","href":"https:\/\/api.w.org\/{rel}","templated":true}]}}