{"id":8122,"date":"2023-01-27T11:48:32","date_gmt":"2023-01-27T11:48:32","guid":{"rendered":"https:\/\/www.ageprovocateur.com\/egitim\/"},"modified":"2023-08-14T09:56:50","modified_gmt":"2023-08-14T09:56:50","slug":"egitim","status":"publish","type":"page","link":"https:\/\/teknolojimenajeri.com.tr\/tr\/egitim\/","title":{"rendered":"E\u011fitim"},"content":{"rendered":"<p>[vc_row full_width=&#8221;stretch_row_content_no_spaces&#8221; css=&#8221;.vc_custom_1691497859878{margin-top: 20px !important;}&#8221;][vc_column][vc_single_image image=&#8221;8321&#8243; img_size=&#8221;full&#8221; el_class=&#8221;aab&#8221;][\/vc_column][\/vc_row][vc_row][vc_column][vc_empty_space][vc_row_inner][vc_column_inner][vc_custom_heading stripe_pos=&#8221;hide&#8221; text=&#8221;E\u011fitim&#8221; use_theme_fonts=&#8221;yes&#8221;][vc_column_text]Teknoloji Menajeri, hizmet verdi\u011fi \u00fcr\u00fcnlerle sekt\u00f6r\u00fcn dahi duymad\u0131\u011f\u0131 ya da merak etti\u011fi konulara odaklan\u0131yor. S\u00fcrekli kendimizi geli\u015ftirerek, lokal ve global firmalar\u0131, i\u015fleri ve yap\u0131lan geli\u015fmeleri yak\u0131ndan takip ediyoruz. B\u00f6ylece sekt\u00f6rlerin kar\u015f\u0131la\u015faca\u011f\u0131 teknoloji ve yaz\u0131l\u0131msal yenilikleri deneyimleyerek \u00f6\u011freniyoruz.<\/p>\n<p>Herkesin e\u015fit ve do\u011fru bilgiye eri\u015fim sa\u011flayabilmesi i\u00e7in, bu konularda \u00f6zel e\u011fitimler haz\u0131rlay\u0131p sunuyoruz. Profesyonel ekibimiz, samimi bir yakla\u015f\u0131mla kat\u0131l\u0131mc\u0131lar\u0131n anlayabilece\u011fi ve uygulayabilece\u011fi bilgileri aktar\u0131yor. Teknoloji d\u00fcnyas\u0131n\u0131n h\u0131zla de\u011fi\u015fti\u011fi bu d\u00f6nemde, bizler de sizinle birlikte bilgi ve deneyimlerimizi payla\u015farak, daha g\u00fc\u00e7l\u00fc bir gelecek i\u00e7in birlikte ilerlemeyi hedefliyoruz. Teknoloji Menajeri olarak, herkesin bu yenilik\u00e7i d\u00fcnyaya ad\u0131m atabilmesi ve ba\u015far\u0131l\u0131 projelere imza atabilmesi i\u00e7in elimizden gelenin en iyisini yapmak i\u00e7in buraday\u0131z.[\/vc_column_text][\/vc_column_inner][\/vc_row_inner][\/vc_column][\/vc_row]<\/p>\n","protected":false},"excerpt":{"rendered":"<p>[vc_row full_width=&#8221;stretch_row_content_no_spaces&#8221; css=&#8221;.vc_custom_1691497859878{margin-top: 20px !important;}&#8221;][vc_column][vc_single_image image=&#8221;8321&#8243; img_size=&#8221;full&#8221; el_class=&#8221;aab&#8221;][\/vc_column][\/vc_row][vc_row][vc_column][vc_empty_space][vc_row_inner][vc_column_inner][vc_custom_heading stripe_pos=&#8221;hide&#8221; text=&#8221;E\u011fitim&#8221; use_theme_fonts=&#8221;yes&#8221;][vc_column_text]Teknoloji Menajeri, hizmet verdi\u011fi \u00fcr\u00fcnlerle sekt\u00f6r\u00fcn dahi duymad\u0131\u011f\u0131 ya da merak etti\u011fi konulara odaklan\u0131yor. S\u00fcrekli kendimizi geli\u015ftirerek, lokal ve global firmalar\u0131, i\u015fleri ve yap\u0131lan geli\u015fmeleri yak\u0131ndan takip ediyoruz. B\u00f6ylece sekt\u00f6rlerin kar\u015f\u0131la\u015faca\u011f\u0131 teknoloji ve yaz\u0131l\u0131msal yenilikleri deneyimleyerek \u00f6\u011freniyoruz. Herkesin e\u015fit ve do\u011fru bilgiye eri\u015fim sa\u011flayabilmesi i\u00e7in,<\/p>\n","protected":false},"author":1,"featured_media":0,"parent":0,"menu_order":0,"comment_status":"closed","ping_status":"closed","template":"","meta":{"footnotes":""},"class_list":["post-8122","page","type-page","status-publish","hentry"],"yoast_head":"<!-- This site is optimized with the Yoast SEO plugin v20.9 - https:\/\/yoast.com\/wordpress\/plugins\/seo\/ -->\n<title>E\u011fitim | Teknoloji Menajeri<\/title>\n<meta name=\"description\" content=\"Teknoloji Menajeri, hizmet verdi\u011fi \u00fcr\u00fcnlerle sekt\u00f6r\u00fcn dahi duymad\u0131\u011f\u0131 ya da merak etti\u011fi konulara odaklan\u0131yor. S\u00fcrekli kendimizi geli\u015ftirerek, lokal ve\" \/>\n<meta name=\"robots\" content=\"index, follow, max-snippet:-1, max-image-preview:large, max-video-preview:-1\" \/>\n<link rel=\"canonical\" href=\"https:\/\/teknolojimenajeri.com.tr\/tr\/egitim\/\" \/>\n<meta property=\"og:locale\" content=\"tr_TR\" \/>\n<meta property=\"og:type\" content=\"article\" \/>\n<meta property=\"og:title\" content=\"E\u011fitim | Teknoloji Menajeri\" \/>\n<meta property=\"og:description\" content=\"Teknoloji Menajeri, hizmet verdi\u011fi \u00fcr\u00fcnlerle sekt\u00f6r\u00fcn dahi duymad\u0131\u011f\u0131 ya da merak etti\u011fi konulara odaklan\u0131yor. S\u00fcrekli kendimizi geli\u015ftirerek, lokal ve\" \/>\n<meta property=\"og:url\" content=\"https:\/\/teknolojimenajeri.com.tr\/tr\/egitim\/\" \/>\n<meta property=\"og:site_name\" content=\"Teknoloji Menajeri\" \/>\n<meta property=\"article:modified_time\" content=\"2023-08-14T09:56:50+00:00\" \/>\n<meta name=\"twitter:card\" content=\"summary_large_image\" \/>\n<meta name=\"twitter:label1\" content=\"Tahmini okuma s\u00fcresi\" \/>\n\t<meta name=\"twitter:data1\" content=\"1 dakika\" \/>\n<script type=\"application\/ld+json\" class=\"yoast-schema-graph\">{\"@context\":\"https:\/\/schema.org\",\"@graph\":[{\"@type\":\"WebPage\",\"@id\":\"https:\/\/teknolojimenajeri.com.tr\/tr\/egitim\/\",\"url\":\"https:\/\/teknolojimenajeri.com.tr\/tr\/egitim\/\",\"name\":\"E\u011fitim | Teknoloji Menajeri\",\"isPartOf\":{\"@id\":\"https:\/\/teknolojimenajeri.com.tr\/#website\"},\"datePublished\":\"2023-01-27T11:48:32+00:00\",\"dateModified\":\"2023-08-14T09:56:50+00:00\",\"description\":\"Teknoloji Menajeri, hizmet verdi\u011fi \u00fcr\u00fcnlerle sekt\u00f6r\u00fcn dahi duymad\u0131\u011f\u0131 ya da merak etti\u011fi konulara odaklan\u0131yor. S\u00fcrekli kendimizi geli\u015ftirerek, lokal ve\",\"breadcrumb\":{\"@id\":\"https:\/\/teknolojimenajeri.com.tr\/tr\/egitim\/#breadcrumb\"},\"inLanguage\":\"tr\",\"potentialAction\":[{\"@type\":\"ReadAction\",\"target\":[\"https:\/\/teknolojimenajeri.com.tr\/tr\/egitim\/\"]}]},{\"@type\":\"BreadcrumbList\",\"@id\":\"https:\/\/teknolojimenajeri.com.tr\/tr\/egitim\/#breadcrumb\",\"itemListElement\":[{\"@type\":\"ListItem\",\"position\":1,\"name\":\"Home\",\"item\":\"https:\/\/teknolojimenajeri.com.tr\/tr\/\"},{\"@type\":\"ListItem\",\"position\":2,\"name\":\"E\u011fitim\"}]},{\"@type\":\"WebSite\",\"@id\":\"https:\/\/teknolojimenajeri.com.tr\/#website\",\"url\":\"https:\/\/teknolojimenajeri.com.tr\/\",\"name\":\"Teknoloji Menajeri\",\"description\":\"\",\"potentialAction\":[{\"@type\":\"SearchAction\",\"target\":{\"@type\":\"EntryPoint\",\"urlTemplate\":\"https:\/\/teknolojimenajeri.com.tr\/?s={search_term_string}\"},\"query-input\":\"required name=search_term_string\"}],\"inLanguage\":\"tr\"}]}<\/script>\n<!-- \/ Yoast SEO plugin. -->","yoast_head_json":{"title":"E\u011fitim | Teknoloji Menajeri","description":"Teknoloji Menajeri, hizmet verdi\u011fi \u00fcr\u00fcnlerle sekt\u00f6r\u00fcn dahi duymad\u0131\u011f\u0131 ya da merak etti\u011fi konulara odaklan\u0131yor. S\u00fcrekli kendimizi geli\u015ftirerek, lokal ve","robots":{"index":"index","follow":"follow","max-snippet":"max-snippet:-1","max-image-preview":"max-image-preview:large","max-video-preview":"max-video-preview:-1"},"canonical":"https:\/\/teknolojimenajeri.com.tr\/tr\/egitim\/","og_locale":"tr_TR","og_type":"article","og_title":"E\u011fitim | Teknoloji Menajeri","og_description":"Teknoloji Menajeri, hizmet verdi\u011fi \u00fcr\u00fcnlerle sekt\u00f6r\u00fcn dahi duymad\u0131\u011f\u0131 ya da merak etti\u011fi konulara odaklan\u0131yor. S\u00fcrekli kendimizi geli\u015ftirerek, lokal ve","og_url":"https:\/\/teknolojimenajeri.com.tr\/tr\/egitim\/","og_site_name":"Teknoloji Menajeri","article_modified_time":"2023-08-14T09:56:50+00:00","twitter_card":"summary_large_image","twitter_misc":{"Tahmini okuma s\u00fcresi":"1 dakika"},"schema":{"@context":"https:\/\/schema.org","@graph":[{"@type":"WebPage","@id":"https:\/\/teknolojimenajeri.com.tr\/tr\/egitim\/","url":"https:\/\/teknolojimenajeri.com.tr\/tr\/egitim\/","name":"E\u011fitim | Teknoloji Menajeri","isPartOf":{"@id":"https:\/\/teknolojimenajeri.com.tr\/#website"},"datePublished":"2023-01-27T11:48:32+00:00","dateModified":"2023-08-14T09:56:50+00:00","description":"Teknoloji Menajeri, hizmet verdi\u011fi \u00fcr\u00fcnlerle sekt\u00f6r\u00fcn dahi duymad\u0131\u011f\u0131 ya da merak etti\u011fi konulara odaklan\u0131yor. S\u00fcrekli kendimizi geli\u015ftirerek, lokal ve","breadcrumb":{"@id":"https:\/\/teknolojimenajeri.com.tr\/tr\/egitim\/#breadcrumb"},"inLanguage":"tr","potentialAction":[{"@type":"ReadAction","target":["https:\/\/teknolojimenajeri.com.tr\/tr\/egitim\/"]}]},{"@type":"BreadcrumbList","@id":"https:\/\/teknolojimenajeri.com.tr\/tr\/egitim\/#breadcrumb","itemListElement":[{"@type":"ListItem","position":1,"name":"Home","item":"https:\/\/teknolojimenajeri.com.tr\/tr\/"},{"@type":"ListItem","position":2,"name":"E\u011fitim"}]},{"@type":"WebSite","@id":"https:\/\/teknolojimenajeri.com.tr\/#website","url":"https:\/\/teknolojimenajeri.com.tr\/","name":"Teknoloji Menajeri","description":"","potentialAction":[{"@type":"SearchAction","target":{"@type":"EntryPoint","urlTemplate":"https:\/\/teknolojimenajeri.com.tr\/?s={search_term_string}"},"query-input":"required name=search_term_string"}],"inLanguage":"tr"}]}},"_links":{"self":[{"href":"https:\/\/teknolojimenajeri.com.tr\/tr\/wp-json\/wp\/v2\/pages\/8122\/"}],"collection":[{"href":"https:\/\/teknolojimenajeri.com.tr\/tr\/wp-json\/wp\/v2\/pages\/"}],"about":[{"href":"https:\/\/teknolojimenajeri.com.tr\/tr\/wp-json\/wp\/v2\/types\/page\/"}],"author":[{"embeddable":true,"href":"https:\/\/teknolojimenajeri.com.tr\/tr\/wp-json\/wp\/v2\/users\/1\/"}],"replies":[{"embeddable":true,"href":"https:\/\/teknolojimenajeri.com.tr\/tr\/wp-json\/wp\/v2\/comments\/?post=8122"}],"version-history":[{"count":6,"href":"https:\/\/teknolojimenajeri.com.tr\/tr\/wp-json\/wp\/v2\/pages\/8122\/revisions\/"}],"predecessor-version":[{"id":8324,"href":"https:\/\/teknolojimenajeri.com.tr\/tr\/wp-json\/wp\/v2\/pages\/8122\/revisions\/8324\/"}],"wp:attachment":[{"href":"https:\/\/teknolojimenajeri.com.tr\/tr\/wp-json\/wp\/v2\/media\/?parent=8122"}],"curies":[{"name":"wp","href":"https:\/\/api.w.org\/{rel}","templated":true}]}}