{"id":8113,"date":"2023-01-27T11:45:32","date_gmt":"2023-01-27T11:45:32","guid":{"rendered":"https:\/\/www.ageprovocateur.com\/?page_id=8113"},"modified":"2023-08-18T07:38:33","modified_gmt":"2023-08-18T07:38:33","slug":"danismanlik","status":"publish","type":"page","link":"https:\/\/teknolojimenajeri.com.tr\/tr\/danismanlik\/","title":{"rendered":"Dan\u0131\u015fmanl\u0131k"},"content":{"rendered":"<p>[vc_row full_width=&#8221;stretch_row_content_no_spaces&#8221; css=&#8221;.vc_custom_1691497740360{margin-top: 20px !important;}&#8221;][vc_column][vc_single_image image=&#8221;8383&#8243; img_size=&#8221;full&#8221; el_class=&#8221;aab&#8221;][\/vc_column][\/vc_row][vc_row el_class=&#8221;acc&#8221;][vc_column][vc_empty_space][vc_row_inner][vc_column_inner][vc_custom_heading stripe_pos=&#8221;hide&#8221; text=&#8221;Dan\u0131\u015fmanl\u0131k&#8221; use_theme_fonts=&#8221;yes&#8221;][vc_column_text]Teknoloji Menajeri\u2019nin teknoloji ve yaz\u0131l\u0131m dan\u0131\u015fmanl\u0131\u011f\u0131, i\u015f d\u00fcnyas\u0131nda \u00f6nemli bir role sahiptir. B\u00fcy\u00fck bir \u015firket olarak, i\u015f s\u00fcre\u00e7lerinizi daha verimli hale getirecek, veri analiti\u011fini kolayla\u015ft\u0131racak,\u00a0 g\u00fcvenli\u011fi art\u0131racak, \u00dcRGE ve ARGE \u00e7al\u0131\u015fmalar\u0131na de\u011fer ve yenilik katacak teknolojileri entegre etmek isteyebilirsiniz. Bu t\u00fcr konularda, Teknoloji Menajeri&#8217;nin uzman dan\u0131\u015fmanlar\u0131 sizin i\u00e7in en uygun \u00e7\u00f6z\u00fcmleri sunabilir ve i\u015finizin ba\u015far\u0131ya ula\u015fmas\u0131nda sizlere rehberlik edebilir.<\/p>\n<p>Unutmay\u0131n ki do\u011fru teknoloji ve yaz\u0131l\u0131m se\u00e7imleri, zaman ve maliyet tasarrufu sa\u011flayarak hayat\u0131m\u0131z\u0131 kolayla\u015ft\u0131rabilir. Teknoloji Menajeri&#8217;nin deneyimli dan\u0131\u015fmanlar\u0131, sizlere do\u011fru ki\u015fisel veya i\u015fletme ihtiya\u00e7lar\u0131n\u0131za uygun \u00e7\u00f6z\u00fcmleri sunmak i\u00e7in burada. Teknoloji d\u00fcnyas\u0131nda sa\u011flad\u0131\u011fm\u0131z ilham verici dan\u0131\u015fmanl\u0131k hizmetleriyle, herkesin teknolojiyle daha g\u00fc\u00e7l\u00fc ve etkili bir \u015fekilde ba\u011flant\u0131 kurabilece\u011fine inan\u0131yoruz.[\/vc_column_text][\/vc_column_inner][\/vc_row_inner][\/vc_column][\/vc_row]<\/p>\n","protected":false},"excerpt":{"rendered":"<p>[vc_row full_width=&#8221;stretch_row_content_no_spaces&#8221; css=&#8221;.vc_custom_1691497740360{margin-top: 20px !important;}&#8221;][vc_column][vc_single_image image=&#8221;8383&#8243; img_size=&#8221;full&#8221; el_class=&#8221;aab&#8221;][\/vc_column][\/vc_row][vc_row el_class=&#8221;acc&#8221;][vc_column][vc_empty_space][vc_row_inner][vc_column_inner][vc_custom_heading stripe_pos=&#8221;hide&#8221; text=&#8221;Dan\u0131\u015fmanl\u0131k&#8221; use_theme_fonts=&#8221;yes&#8221;][vc_column_text]Teknoloji Menajeri\u2019nin teknoloji ve yaz\u0131l\u0131m dan\u0131\u015fmanl\u0131\u011f\u0131, i\u015f d\u00fcnyas\u0131nda \u00f6nemli bir role sahiptir. B\u00fcy\u00fck bir \u015firket olarak, i\u015f s\u00fcre\u00e7lerinizi daha verimli hale getirecek, veri analiti\u011fini kolayla\u015ft\u0131racak,\u00a0 g\u00fcvenli\u011fi art\u0131racak, \u00dcRGE ve ARGE \u00e7al\u0131\u015fmalar\u0131na de\u011fer ve yenilik katacak teknolojileri entegre etmek isteyebilirsiniz. Bu t\u00fcr konularda, Teknoloji Menajeri&#8217;nin<\/p>\n","protected":false},"author":1,"featured_media":0,"parent":0,"menu_order":0,"comment_status":"closed","ping_status":"closed","template":"","meta":{"footnotes":""},"class_list":["post-8113","page","type-page","status-publish","hentry"],"yoast_head":"<!-- This site is optimized with the Yoast SEO plugin v20.9 - https:\/\/yoast.com\/wordpress\/plugins\/seo\/ -->\n<title>Dan\u0131\u015fmanl\u0131k | Teknoloji Menajeri<\/title>\n<meta name=\"description\" content=\"Teknoloji Menajeri\u2019nin teknoloji ve yaz\u0131l\u0131m dan\u0131\u015fmanl\u0131\u011f\u0131, i\u015f d\u00fcnyas\u0131nda \u00f6nemli bir role sahiptir. B\u00fcy\u00fck bir \u015firket olarak, i\u015f s\u00fcre\u00e7lerinizi daha verimli\" \/>\n<meta name=\"robots\" content=\"index, follow, max-snippet:-1, max-image-preview:large, max-video-preview:-1\" \/>\n<link rel=\"canonical\" href=\"https:\/\/teknolojimenajeri.com.tr\/tr\/danismanlik\/\" \/>\n<meta property=\"og:locale\" content=\"tr_TR\" \/>\n<meta property=\"og:type\" content=\"article\" \/>\n<meta property=\"og:title\" content=\"Dan\u0131\u015fmanl\u0131k | Teknoloji Menajeri\" \/>\n<meta property=\"og:description\" content=\"Teknoloji Menajeri\u2019nin teknoloji ve yaz\u0131l\u0131m dan\u0131\u015fmanl\u0131\u011f\u0131, i\u015f d\u00fcnyas\u0131nda \u00f6nemli bir role sahiptir. B\u00fcy\u00fck bir \u015firket olarak, i\u015f s\u00fcre\u00e7lerinizi daha verimli\" \/>\n<meta property=\"og:url\" content=\"https:\/\/teknolojimenajeri.com.tr\/tr\/danismanlik\/\" \/>\n<meta property=\"og:site_name\" content=\"Teknoloji Menajeri\" \/>\n<meta property=\"article:modified_time\" content=\"2023-08-18T07:38:33+00:00\" \/>\n<meta name=\"twitter:card\" content=\"summary_large_image\" \/>\n<meta name=\"twitter:label1\" content=\"Tahmini okuma s\u00fcresi\" \/>\n\t<meta name=\"twitter:data1\" content=\"1 dakika\" \/>\n<script type=\"application\/ld+json\" class=\"yoast-schema-graph\">{\"@context\":\"https:\/\/schema.org\",\"@graph\":[{\"@type\":\"WebPage\",\"@id\":\"https:\/\/teknolojimenajeri.com.tr\/tr\/danismanlik\/\",\"url\":\"https:\/\/teknolojimenajeri.com.tr\/tr\/danismanlik\/\",\"name\":\"Dan\u0131\u015fmanl\u0131k | Teknoloji Menajeri\",\"isPartOf\":{\"@id\":\"https:\/\/teknolojimenajeri.com.tr\/#website\"},\"datePublished\":\"2023-01-27T11:45:32+00:00\",\"dateModified\":\"2023-08-18T07:38:33+00:00\",\"description\":\"Teknoloji Menajeri\u2019nin teknoloji ve yaz\u0131l\u0131m dan\u0131\u015fmanl\u0131\u011f\u0131, i\u015f d\u00fcnyas\u0131nda \u00f6nemli bir role sahiptir. B\u00fcy\u00fck bir \u015firket olarak, i\u015f s\u00fcre\u00e7lerinizi daha verimli\",\"breadcrumb\":{\"@id\":\"https:\/\/teknolojimenajeri.com.tr\/tr\/danismanlik\/#breadcrumb\"},\"inLanguage\":\"tr\",\"potentialAction\":[{\"@type\":\"ReadAction\",\"target\":[\"https:\/\/teknolojimenajeri.com.tr\/tr\/danismanlik\/\"]}]},{\"@type\":\"BreadcrumbList\",\"@id\":\"https:\/\/teknolojimenajeri.com.tr\/tr\/danismanlik\/#breadcrumb\",\"itemListElement\":[{\"@type\":\"ListItem\",\"position\":1,\"name\":\"Home\",\"item\":\"https:\/\/teknolojimenajeri.com.tr\/tr\/\"},{\"@type\":\"ListItem\",\"position\":2,\"name\":\"Dan\u0131\u015fmanl\u0131k\"}]},{\"@type\":\"WebSite\",\"@id\":\"https:\/\/teknolojimenajeri.com.tr\/#website\",\"url\":\"https:\/\/teknolojimenajeri.com.tr\/\",\"name\":\"Teknoloji Menajeri\",\"description\":\"\",\"potentialAction\":[{\"@type\":\"SearchAction\",\"target\":{\"@type\":\"EntryPoint\",\"urlTemplate\":\"https:\/\/teknolojimenajeri.com.tr\/?s={search_term_string}\"},\"query-input\":\"required name=search_term_string\"}],\"inLanguage\":\"tr\"}]}<\/script>\n<!-- \/ Yoast SEO plugin. -->","yoast_head_json":{"title":"Dan\u0131\u015fmanl\u0131k | Teknoloji Menajeri","description":"Teknoloji Menajeri\u2019nin teknoloji ve yaz\u0131l\u0131m dan\u0131\u015fmanl\u0131\u011f\u0131, i\u015f d\u00fcnyas\u0131nda \u00f6nemli bir role sahiptir. B\u00fcy\u00fck bir \u015firket olarak, i\u015f s\u00fcre\u00e7lerinizi daha verimli","robots":{"index":"index","follow":"follow","max-snippet":"max-snippet:-1","max-image-preview":"max-image-preview:large","max-video-preview":"max-video-preview:-1"},"canonical":"https:\/\/teknolojimenajeri.com.tr\/tr\/danismanlik\/","og_locale":"tr_TR","og_type":"article","og_title":"Dan\u0131\u015fmanl\u0131k | Teknoloji Menajeri","og_description":"Teknoloji Menajeri\u2019nin teknoloji ve yaz\u0131l\u0131m dan\u0131\u015fmanl\u0131\u011f\u0131, i\u015f d\u00fcnyas\u0131nda \u00f6nemli bir role sahiptir. B\u00fcy\u00fck bir \u015firket olarak, i\u015f s\u00fcre\u00e7lerinizi daha verimli","og_url":"https:\/\/teknolojimenajeri.com.tr\/tr\/danismanlik\/","og_site_name":"Teknoloji Menajeri","article_modified_time":"2023-08-18T07:38:33+00:00","twitter_card":"summary_large_image","twitter_misc":{"Tahmini okuma s\u00fcresi":"1 dakika"},"schema":{"@context":"https:\/\/schema.org","@graph":[{"@type":"WebPage","@id":"https:\/\/teknolojimenajeri.com.tr\/tr\/danismanlik\/","url":"https:\/\/teknolojimenajeri.com.tr\/tr\/danismanlik\/","name":"Dan\u0131\u015fmanl\u0131k | Teknoloji Menajeri","isPartOf":{"@id":"https:\/\/teknolojimenajeri.com.tr\/#website"},"datePublished":"2023-01-27T11:45:32+00:00","dateModified":"2023-08-18T07:38:33+00:00","description":"Teknoloji Menajeri\u2019nin teknoloji ve yaz\u0131l\u0131m dan\u0131\u015fmanl\u0131\u011f\u0131, i\u015f d\u00fcnyas\u0131nda \u00f6nemli bir role sahiptir. B\u00fcy\u00fck bir \u015firket olarak, i\u015f s\u00fcre\u00e7lerinizi daha verimli","breadcrumb":{"@id":"https:\/\/teknolojimenajeri.com.tr\/tr\/danismanlik\/#breadcrumb"},"inLanguage":"tr","potentialAction":[{"@type":"ReadAction","target":["https:\/\/teknolojimenajeri.com.tr\/tr\/danismanlik\/"]}]},{"@type":"BreadcrumbList","@id":"https:\/\/teknolojimenajeri.com.tr\/tr\/danismanlik\/#breadcrumb","itemListElement":[{"@type":"ListItem","position":1,"name":"Home","item":"https:\/\/teknolojimenajeri.com.tr\/tr\/"},{"@type":"ListItem","position":2,"name":"Dan\u0131\u015fmanl\u0131k"}]},{"@type":"WebSite","@id":"https:\/\/teknolojimenajeri.com.tr\/#website","url":"https:\/\/teknolojimenajeri.com.tr\/","name":"Teknoloji Menajeri","description":"","potentialAction":[{"@type":"SearchAction","target":{"@type":"EntryPoint","urlTemplate":"https:\/\/teknolojimenajeri.com.tr\/?s={search_term_string}"},"query-input":"required name=search_term_string"}],"inLanguage":"tr"}]}},"_links":{"self":[{"href":"https:\/\/teknolojimenajeri.com.tr\/tr\/wp-json\/wp\/v2\/pages\/8113\/"}],"collection":[{"href":"https:\/\/teknolojimenajeri.com.tr\/tr\/wp-json\/wp\/v2\/pages\/"}],"about":[{"href":"https:\/\/teknolojimenajeri.com.tr\/tr\/wp-json\/wp\/v2\/types\/page\/"}],"author":[{"embeddable":true,"href":"https:\/\/teknolojimenajeri.com.tr\/tr\/wp-json\/wp\/v2\/users\/1\/"}],"replies":[{"embeddable":true,"href":"https:\/\/teknolojimenajeri.com.tr\/tr\/wp-json\/wp\/v2\/comments\/?post=8113"}],"version-history":[{"count":8,"href":"https:\/\/teknolojimenajeri.com.tr\/tr\/wp-json\/wp\/v2\/pages\/8113\/revisions\/"}],"predecessor-version":[{"id":8416,"href":"https:\/\/teknolojimenajeri.com.tr\/tr\/wp-json\/wp\/v2\/pages\/8113\/revisions\/8416\/"}],"wp:attachment":[{"href":"https:\/\/teknolojimenajeri.com.tr\/tr\/wp-json\/wp\/v2\/media\/?parent=8113"}],"curies":[{"name":"wp","href":"https:\/\/api.w.org\/{rel}","templated":true}]}}