{"id":4735,"date":"2015-12-15T07:37:33","date_gmt":"2015-12-15T07:37:33","guid":{"rendered":"http:\/\/consulting.stylemixthemes.com\/?page_id=9"},"modified":"2023-08-17T09:10:40","modified_gmt":"2023-08-17T09:10:40","slug":"hakkimizda","status":"publish","type":"page","link":"https:\/\/teknolojimenajeri.com.tr\/tr\/hakkimizda\/","title":{"rendered":"Hakk\u0131m\u0131zda"},"content":{"rendered":"<p>[vc_row full_width=&#8221;stretch_row_content_no_spaces&#8221; css=&#8221;.vc_custom_1691498055113{margin-top: 20px !important;}&#8221;][vc_column][vc_single_image image=&#8221;8271&#8243; img_size=&#8221;full&#8221; el_class=&#8221;aab&#8221;][\/vc_column][\/vc_row][vc_row][vc_column][vc_empty_space][vc_row_inner content_placement=&#8221;middle&#8221;][vc_column_inner width=&#8221;1\/2&#8243;][vc_custom_heading stripe_pos=&#8221;hide&#8221; text=&#8221;Hakk\u0131m\u0131zda&#8221; use_theme_fonts=&#8221;yes&#8221;][vc_column_text]Teknoloji Menajeri, alan\u0131nda uzman, referanslar\u0131 olan ve ticari ka\u015fesi bulunan bir \u015firkettir ve \u00f6ncelikle T\u00fcrk bili\u015fim \u015firketlerinin menajerli\u011fini \u00fcstlenmektedir. Bili\u015fimde liderlik rol\u00fcn\u00fc \u00fcstlenen \u015firketimiz, portf\u00f6y\u00fcnde bulunan i\u015fbirlik\u00e7i bili\u015fim firmalar\u0131yla birlikte lokal ve global \u00e7apta ses getirecek projelere imza atmaktad\u0131r. Sekt\u00f6rlerle, markalarla ve proje sahipleriyle ba\u015far\u0131l\u0131 bir \u015fekilde bili\u015fim firmalar\u0131n\u0131 bir araya getirerek, projelerin s\u00fcre\u00e7 ve ili\u015fki y\u00f6netimini ba\u015far\u0131yla ger\u00e7ekle\u015ftirmektedir. Proje y\u00f6netimindeki ba\u015far\u0131s\u0131yla da \u00f6ne \u00e7\u0131kan Teknoloji Menajeri, bili\u015fim d\u00fcnyas\u0131nda d\u00f6n\u00fc\u015ft\u00fcr\u00fcc\u00fc projelere ilham veriyor.[\/vc_column_text][\/vc_column_inner][vc_column_inner width=&#8221;1\/2&#8243;][vc_single_image image=&#8221;8369&#8243; img_size=&#8221;full&#8221; el_class=&#8221;opact&#8221;][\/vc_column_inner][\/vc_row_inner][\/vc_column][\/vc_row]<\/p>\n","protected":false},"excerpt":{"rendered":"<p>[vc_row full_width=&#8221;stretch_row_content_no_spaces&#8221; css=&#8221;.vc_custom_1691498055113{margin-top: 20px !important;}&#8221;][vc_column][vc_single_image image=&#8221;8271&#8243; img_size=&#8221;full&#8221; el_class=&#8221;aab&#8221;][\/vc_column][\/vc_row][vc_row][vc_column][vc_empty_space][vc_row_inner content_placement=&#8221;middle&#8221;][vc_column_inner width=&#8221;1\/2&#8243;][vc_custom_heading stripe_pos=&#8221;hide&#8221; text=&#8221;Hakk\u0131m\u0131zda&#8221; use_theme_fonts=&#8221;yes&#8221;][vc_column_text]Teknoloji Menajeri, alan\u0131nda uzman, referanslar\u0131 olan ve ticari ka\u015fesi bulunan bir \u015firkettir ve \u00f6ncelikle T\u00fcrk bili\u015fim \u015firketlerinin menajerli\u011fini \u00fcstlenmektedir. Bili\u015fimde liderlik rol\u00fcn\u00fc \u00fcstlenen \u015firketimiz, portf\u00f6y\u00fcnde bulunan i\u015fbirlik\u00e7i bili\u015fim firmalar\u0131yla birlikte lokal ve global \u00e7apta ses getirecek projelere imza atmaktad\u0131r. Sekt\u00f6rlerle, markalarla ve proje<\/p>\n","protected":false},"author":1,"featured_media":0,"parent":0,"menu_order":0,"comment_status":"closed","ping_status":"closed","template":"","meta":{"footnotes":""},"class_list":["post-4735","page","type-page","status-publish","hentry"],"yoast_head":"<!-- This site is optimized with the Yoast SEO plugin v20.9 - https:\/\/yoast.com\/wordpress\/plugins\/seo\/ -->\n<title>Hakk\u0131m\u0131zda | Teknoloji Menajeri<\/title>\n<meta name=\"description\" content=\"Teknoloji Menajeri, alan\u0131nda uzman, referanslar\u0131 olan ve ticari ka\u015fesi bulunan bir \u015firkettir ve \u00f6ncelikle T\u00fcrk bili\u015fim \u015firketlerinin menajerli\u011fini\" \/>\n<meta name=\"robots\" content=\"index, follow, max-snippet:-1, max-image-preview:large, max-video-preview:-1\" \/>\n<link rel=\"canonical\" href=\"https:\/\/teknolojimenajeri.com.tr\/tr\/hakkimizda\/\" \/>\n<meta property=\"og:locale\" content=\"tr_TR\" \/>\n<meta property=\"og:type\" content=\"article\" \/>\n<meta property=\"og:title\" content=\"Hakk\u0131m\u0131zda | Teknoloji Menajeri\" \/>\n<meta property=\"og:description\" content=\"Teknoloji Menajeri, alan\u0131nda uzman, referanslar\u0131 olan ve ticari ka\u015fesi bulunan bir \u015firkettir ve \u00f6ncelikle T\u00fcrk bili\u015fim \u015firketlerinin menajerli\u011fini\" \/>\n<meta property=\"og:url\" content=\"https:\/\/teknolojimenajeri.com.tr\/tr\/hakkimizda\/\" \/>\n<meta property=\"og:site_name\" content=\"Teknoloji Menajeri\" \/>\n<meta property=\"article:modified_time\" content=\"2023-08-17T09:10:40+00:00\" \/>\n<meta name=\"twitter:card\" content=\"summary_large_image\" \/>\n<meta name=\"twitter:label1\" content=\"Tahmini okuma s\u00fcresi\" \/>\n\t<meta name=\"twitter:data1\" content=\"1 dakika\" \/>\n<script type=\"application\/ld+json\" class=\"yoast-schema-graph\">{\"@context\":\"https:\/\/schema.org\",\"@graph\":[{\"@type\":\"WebPage\",\"@id\":\"https:\/\/teknolojimenajeri.com.tr\/tr\/hakkimizda\/\",\"url\":\"https:\/\/teknolojimenajeri.com.tr\/tr\/hakkimizda\/\",\"name\":\"Hakk\u0131m\u0131zda | Teknoloji Menajeri\",\"isPartOf\":{\"@id\":\"https:\/\/teknolojimenajeri.com.tr\/#website\"},\"datePublished\":\"2015-12-15T07:37:33+00:00\",\"dateModified\":\"2023-08-17T09:10:40+00:00\",\"description\":\"Teknoloji Menajeri, alan\u0131nda uzman, referanslar\u0131 olan ve ticari ka\u015fesi bulunan bir \u015firkettir ve \u00f6ncelikle T\u00fcrk bili\u015fim \u015firketlerinin menajerli\u011fini\",\"breadcrumb\":{\"@id\":\"https:\/\/teknolojimenajeri.com.tr\/tr\/hakkimizda\/#breadcrumb\"},\"inLanguage\":\"tr\",\"potentialAction\":[{\"@type\":\"ReadAction\",\"target\":[\"https:\/\/teknolojimenajeri.com.tr\/tr\/hakkimizda\/\"]}]},{\"@type\":\"BreadcrumbList\",\"@id\":\"https:\/\/teknolojimenajeri.com.tr\/tr\/hakkimizda\/#breadcrumb\",\"itemListElement\":[{\"@type\":\"ListItem\",\"position\":1,\"name\":\"Home\",\"item\":\"https:\/\/teknolojimenajeri.com.tr\/tr\/\"},{\"@type\":\"ListItem\",\"position\":2,\"name\":\"Hakk\u0131m\u0131zda\"}]},{\"@type\":\"WebSite\",\"@id\":\"https:\/\/teknolojimenajeri.com.tr\/#website\",\"url\":\"https:\/\/teknolojimenajeri.com.tr\/\",\"name\":\"Teknoloji Menajeri\",\"description\":\"\",\"potentialAction\":[{\"@type\":\"SearchAction\",\"target\":{\"@type\":\"EntryPoint\",\"urlTemplate\":\"https:\/\/teknolojimenajeri.com.tr\/?s={search_term_string}\"},\"query-input\":\"required name=search_term_string\"}],\"inLanguage\":\"tr\"}]}<\/script>\n<!-- \/ Yoast SEO plugin. -->","yoast_head_json":{"title":"Hakk\u0131m\u0131zda | Teknoloji Menajeri","description":"Teknoloji Menajeri, alan\u0131nda uzman, referanslar\u0131 olan ve ticari ka\u015fesi bulunan bir \u015firkettir ve \u00f6ncelikle T\u00fcrk bili\u015fim \u015firketlerinin menajerli\u011fini","robots":{"index":"index","follow":"follow","max-snippet":"max-snippet:-1","max-image-preview":"max-image-preview:large","max-video-preview":"max-video-preview:-1"},"canonical":"https:\/\/teknolojimenajeri.com.tr\/tr\/hakkimizda\/","og_locale":"tr_TR","og_type":"article","og_title":"Hakk\u0131m\u0131zda | Teknoloji Menajeri","og_description":"Teknoloji Menajeri, alan\u0131nda uzman, referanslar\u0131 olan ve ticari ka\u015fesi bulunan bir \u015firkettir ve \u00f6ncelikle T\u00fcrk bili\u015fim \u015firketlerinin menajerli\u011fini","og_url":"https:\/\/teknolojimenajeri.com.tr\/tr\/hakkimizda\/","og_site_name":"Teknoloji Menajeri","article_modified_time":"2023-08-17T09:10:40+00:00","twitter_card":"summary_large_image","twitter_misc":{"Tahmini okuma s\u00fcresi":"1 dakika"},"schema":{"@context":"https:\/\/schema.org","@graph":[{"@type":"WebPage","@id":"https:\/\/teknolojimenajeri.com.tr\/tr\/hakkimizda\/","url":"https:\/\/teknolojimenajeri.com.tr\/tr\/hakkimizda\/","name":"Hakk\u0131m\u0131zda | Teknoloji Menajeri","isPartOf":{"@id":"https:\/\/teknolojimenajeri.com.tr\/#website"},"datePublished":"2015-12-15T07:37:33+00:00","dateModified":"2023-08-17T09:10:40+00:00","description":"Teknoloji Menajeri, alan\u0131nda uzman, referanslar\u0131 olan ve ticari ka\u015fesi bulunan bir \u015firkettir ve \u00f6ncelikle T\u00fcrk bili\u015fim \u015firketlerinin menajerli\u011fini","breadcrumb":{"@id":"https:\/\/teknolojimenajeri.com.tr\/tr\/hakkimizda\/#breadcrumb"},"inLanguage":"tr","potentialAction":[{"@type":"ReadAction","target":["https:\/\/teknolojimenajeri.com.tr\/tr\/hakkimizda\/"]}]},{"@type":"BreadcrumbList","@id":"https:\/\/teknolojimenajeri.com.tr\/tr\/hakkimizda\/#breadcrumb","itemListElement":[{"@type":"ListItem","position":1,"name":"Home","item":"https:\/\/teknolojimenajeri.com.tr\/tr\/"},{"@type":"ListItem","position":2,"name":"Hakk\u0131m\u0131zda"}]},{"@type":"WebSite","@id":"https:\/\/teknolojimenajeri.com.tr\/#website","url":"https:\/\/teknolojimenajeri.com.tr\/","name":"Teknoloji Menajeri","description":"","potentialAction":[{"@type":"SearchAction","target":{"@type":"EntryPoint","urlTemplate":"https:\/\/teknolojimenajeri.com.tr\/?s={search_term_string}"},"query-input":"required name=search_term_string"}],"inLanguage":"tr"}]}},"_links":{"self":[{"href":"https:\/\/teknolojimenajeri.com.tr\/tr\/wp-json\/wp\/v2\/pages\/4735\/"}],"collection":[{"href":"https:\/\/teknolojimenajeri.com.tr\/tr\/wp-json\/wp\/v2\/pages\/"}],"about":[{"href":"https:\/\/teknolojimenajeri.com.tr\/tr\/wp-json\/wp\/v2\/types\/page\/"}],"author":[{"embeddable":true,"href":"https:\/\/teknolojimenajeri.com.tr\/tr\/wp-json\/wp\/v2\/users\/1\/"}],"replies":[{"embeddable":true,"href":"https:\/\/teknolojimenajeri.com.tr\/tr\/wp-json\/wp\/v2\/comments\/?post=4735"}],"version-history":[{"count":15,"href":"https:\/\/teknolojimenajeri.com.tr\/tr\/wp-json\/wp\/v2\/pages\/4735\/revisions\/"}],"predecessor-version":[{"id":8371,"href":"https:\/\/teknolojimenajeri.com.tr\/tr\/wp-json\/wp\/v2\/pages\/4735\/revisions\/8371\/"}],"wp:attachment":[{"href":"https:\/\/teknolojimenajeri.com.tr\/tr\/wp-json\/wp\/v2\/media\/?parent=4735"}],"curies":[{"name":"wp","href":"https:\/\/api.w.org\/{rel}","templated":true}]}}